{"id":7,"date":"2023-11-18T18:36:58","date_gmt":"2023-11-18T21:36:58","guid":{"rendered":"https:\/\/sindadvs.org.br\/?page_id=7"},"modified":"2025-11-12T21:57:19","modified_gmt":"2025-11-13T00:57:19","slug":"home","status":"publish","type":"page","link":"https:\/\/sindadvs.org.br\/","title":{"rendered":"Home"},"content":{"rendered":"\t\t<div data-elementor-type=\"wp-page\" data-elementor-id=\"7\" class=\"elementor elementor-7\">\n\t\t\t\t<div class=\"elementor-element elementor-element-320bde1 e-con-full elementor-hidden-mobile e-flex e-con e-parent\" data-id=\"320bde1\" data-element_type=\"container\" data-settings=\"{&quot;background_background&quot;:&quot;classic&quot;}\">\n\t\t\t\t<div class=\"elementor-element elementor-element-eb09052 elementor-widget elementor-widget-image\" data-id=\"eb09052\" data-element_type=\"widget\" data-widget_type=\"image.default\">\n\t\t\t\t<div class=\"elementor-widget-container\">\n\t\t\t\t\t\t\t\t\t\t\t\t\t<img fetchpriority=\"high\" decoding=\"async\" width=\"1536\" height=\"128\" src=\"https:\/\/sindadvs.org.br\/wp-content\/uploads\/2023\/11\/Site-SINDADVStop-1536x128.png\" class=\"attachment-1536x1536 size-1536x1536 wp-image-19\" alt=\"\" srcset=\"https:\/\/sindadvs.org.br\/wp-content\/uploads\/2023\/11\/Site-SINDADVStop-1536x128.png 1536w, https:\/\/sindadvs.org.br\/wp-content\/uploads\/2023\/11\/Site-SINDADVStop-300x25.png 300w, https:\/\/sindadvs.org.br\/wp-content\/uploads\/2023\/11\/Site-SINDADVStop-1024x85.png 1024w, https:\/\/sindadvs.org.br\/wp-content\/uploads\/2023\/11\/Site-SINDADVStop-768x64.png 768w, https:\/\/sindadvs.org.br\/wp-content\/uploads\/2023\/11\/Site-SINDADVStop.png 1920w\" sizes=\"(max-width: 1536px) 100vw, 1536px\" \/>\t\t\t\t\t\t\t\t\t\t\t\t\t<\/div>\n\t\t\t\t<\/div>\n\t\t\t\t<\/div>\n\t\t<div class=\"elementor-element elementor-element-0536863 e-con-full elementor-hidden-desktop elementor-hidden-tablet e-flex e-con e-parent\" data-id=\"0536863\" data-element_type=\"container\" data-settings=\"{&quot;background_background&quot;:&quot;classic&quot;}\">\n\t\t\t\t<div class=\"elementor-element elementor-element-37890ed elementor-hidden-desktop elementor-hidden-tablet elementor-widget elementor-widget-image\" data-id=\"37890ed\" data-element_type=\"widget\" data-widget_type=\"image.default\">\n\t\t\t\t<div class=\"elementor-widget-container\">\n\t\t\t\t\t\t\t\t\t\t\t\t\t<img decoding=\"async\" width=\"750\" height=\"235\" src=\"https:\/\/sindadvs.org.br\/wp-content\/uploads\/2023\/12\/Site-SINDADVS-logo.jpg\" class=\"attachment-large size-large wp-image-34\" alt=\"\" srcset=\"https:\/\/sindadvs.org.br\/wp-content\/uploads\/2023\/12\/Site-SINDADVS-logo.jpg 759w, https:\/\/sindadvs.org.br\/wp-content\/uploads\/2023\/12\/Site-SINDADVS-logo-300x94.jpg 300w\" sizes=\"(max-width: 750px) 100vw, 750px\" \/>\t\t\t\t\t\t\t\t\t\t\t\t\t<\/div>\n\t\t\t\t<\/div>\n\t\t\t\t<\/div>\n\t\t<div class=\"elementor-element elementor-element-2621ad0 e-con-full e-flex e-con e-parent\" data-id=\"2621ad0\" data-element_type=\"container\" data-settings=\"{&quot;position&quot;:&quot;absolute&quot;}\">\n\t\t\t\t<\/div>\n\t\t<div class=\"elementor-element elementor-element-6fe8af1 elementor-hidden-desktop elementor-hidden-tablet e-flex e-con-boxed e-con e-parent\" data-id=\"6fe8af1\" data-element_type=\"container\" data-settings=\"{&quot;background_background&quot;:&quot;classic&quot;}\">\n\t\t\t\t\t<div class=\"e-con-inner\">\n\t\t\t\t<div class=\"elementor-element elementor-element-772b884 elementor-hidden-desktop elementor-hidden-tablet elementor-widget elementor-widget-heading\" data-id=\"772b884\" data-element_type=\"widget\" data-widget_type=\"heading.default\">\n\t\t\t\t<div class=\"elementor-widget-container\">\n\t\t\t<h2 class=\"elementor-heading-title elementor-size-default\">Juntos pela <br>Justi\u00e7a,<br>Fortalecendo a Advocacia!<\/h2>\t\t<\/div>\n\t\t\t\t<\/div>\n\t\t\t\t\t<\/div>\n\t\t\t\t<\/div>\n\t\t<div class=\"elementor-element elementor-element-ff978d7 e-con-full elementor-hidden-tablet elementor-hidden-mobile e-flex e-con e-parent\" data-id=\"ff978d7\" data-element_type=\"container\" data-settings=\"{&quot;background_background&quot;:&quot;classic&quot;}\">\n\t\t\t\t<div class=\"elementor-element elementor-element-553ef3c elementor-hidden-mobile elementor-hidden-tablet elementor-widget elementor-widget-heading\" data-id=\"553ef3c\" data-element_type=\"widget\" data-widget_type=\"heading.default\">\n\t\t\t\t<div class=\"elementor-widget-container\">\n\t\t\t<h2 class=\"elementor-heading-title elementor-size-default\">Juntos pela Justi\u00e7a,<br>Fortalecendo a Advocacia!<\/h2>\t\t<\/div>\n\t\t\t\t<\/div>\n\t\t\t\t<\/div>\n\t\t<div class=\"elementor-element elementor-element-c3864eb e-flex e-con-boxed e-con e-parent\" data-id=\"c3864eb\" data-element_type=\"container\" data-settings=\"{&quot;background_background&quot;:&quot;classic&quot;}\">\n\t\t\t\t\t<div class=\"e-con-inner\">\n\t\t\t\t\t<\/div>\n\t\t\t\t<\/div>\n\t\t<div class=\"elementor-element elementor-element-ba85666 elementor-hidden-desktop e-flex e-con-boxed e-con e-parent\" data-id=\"ba85666\" data-element_type=\"container\" data-settings=\"{&quot;background_background&quot;:&quot;classic&quot;}\">\n\t\t\t\t\t<div class=\"e-con-inner\">\n\t\t\t\t<div class=\"elementor-element elementor-element-a50d1ef elementor-widget elementor-widget-heading\" data-id=\"a50d1ef\" data-element_type=\"widget\" data-widget_type=\"heading.default\">\n\t\t\t\t<div class=\"elementor-widget-container\">\n\t\t\t<h2 class=\"elementor-heading-title elementor-size-default\">SINDADVS - Sindicato das Sociedades de Advogados de Bauru e Regi\u00e3o<\/h2>\t\t<\/div>\n\t\t\t\t<\/div>\n\t\t\t\t<div class=\"elementor-element elementor-element-0993aa7 elementor-widget elementor-widget-text-editor\" data-id=\"0993aa7\" data-element_type=\"widget\" data-widget_type=\"text-editor.default\">\n\t\t\t\t<div class=\"elementor-widget-container\">\n\t\t\t\t\t\t\t<p>O Sindicato das Sociedades de Advogados de Bauru e Regi\u00e3o \u2013 SINDADVS \u00e9 uma entidade sindical de destaque, dedicada \u00e0 representa\u00e7\u00e3o e defesa dos interesses das Sociedades de Advogados nos munic\u00edpios de Agudos, Bauru, Duartina, Len\u00e7\u00f3is Paulista, Pederneiras, Piraju\u00ed e Piratininga, todos pertencentes ao Estado de S\u00e3o Paulo.<\/p><p>A miss\u00e3o fundamental do SINDADVS \u00e9 ser o porta-voz e defensor das quest\u00f5es que afetam as sociedades de advogados vinculadas \u00e0 sua jurisdi\u00e7\u00e3o. Seu escopo abrange n\u00e3o apenas as quest\u00f5es sindicais, mas tamb\u00e9m aspectos legais, de estudo, coordena\u00e7\u00e3o e prote\u00e7\u00e3o da categoria econ\u00f4mica, incluindo sociedades coletivas e individuais.<\/p><p>Al\u00e9m de sua fun\u00e7\u00e3o primordial de representa\u00e7\u00e3o legal, o SINDADVS se compromete a promover o desenvolvimento e integra\u00e7\u00e3o dessas sociedades, fomentando um ambiente prop\u00edcio para o crescimento e a excel\u00eancia no exerc\u00edcio da advocacia. Sua presen\u00e7a estrat\u00e9gica na cidade de Bauru confirma o compromisso em servir como um elo s\u00f3lido entre as Sociedades de Advogados e as inst\u00e2ncias governamentais, assegurando que as vozes e necessidades da categoria sejam devidamente consideradas e atendidas.<\/p><p>Com uma vis\u00e3o voltada para a valoriza\u00e7\u00e3o e fortalecimento da advocacia na regi\u00e3o, o SINDADVS destaca-se como um agente ativo na promo\u00e7\u00e3o de condi\u00e7\u00f5es favor\u00e1veis para o exerc\u00edcio profissional, contribuindo assim para o desenvolvimento s\u00f3cio-econ\u00f4mico da comunidade jur\u00eddica local.<\/p>\t\t\t\t\t\t<\/div>\n\t\t\t\t<\/div>\n\t\t\t\t\t<\/div>\n\t\t\t\t<\/div>\n\t\t<div class=\"elementor-element elementor-element-7747d92 elementor-hidden-tablet elementor-hidden-mobile e-flex e-con-boxed e-con e-parent\" data-id=\"7747d92\" data-element_type=\"container\" data-settings=\"{&quot;background_background&quot;:&quot;classic&quot;}\">\n\t\t\t\t\t<div class=\"e-con-inner\">\n\t\t\t\t<div class=\"elementor-element elementor-element-c39fdb2 elementor-widget elementor-widget-heading\" data-id=\"c39fdb2\" data-element_type=\"widget\" data-widget_type=\"heading.default\">\n\t\t\t\t<div class=\"elementor-widget-container\">\n\t\t\t<h2 class=\"elementor-heading-title elementor-size-default\">SINDADVS - Sindicato das Sociedades de Advogados de Bauru e Regi\u00e3o<\/h2>\t\t<\/div>\n\t\t\t\t<\/div>\n\t\t\t\t<div class=\"elementor-element elementor-element-18cf015 elementor-widget elementor-widget-text-editor\" data-id=\"18cf015\" data-element_type=\"widget\" data-widget_type=\"text-editor.default\">\n\t\t\t\t<div class=\"elementor-widget-container\">\n\t\t\t\t\t\t\t<p>O Sindicato das Sociedades de Advogados de Bauru e Regi\u00e3o \u2013 SINDADVS \u00e9 uma entidade sindical de destaque, dedicada \u00e0 representa\u00e7\u00e3o e defesa dos interesses das Sociedades de Advogados nos munic\u00edpios de Agudos, Bauru, Duartina, Len\u00e7\u00f3is Paulista, Pederneiras, Piraju\u00ed e Piratininga, todos pertencentes ao Estado de S\u00e3o Paulo.<\/p><p>A miss\u00e3o fundamental do SINDADVS \u00e9 ser o porta-voz e defensor das quest\u00f5es que afetam as sociedades de advogados vinculadas \u00e0 sua jurisdi\u00e7\u00e3o. Seu escopo abrange n\u00e3o apenas as quest\u00f5es sindicais, mas tamb\u00e9m aspectos legais, de estudo, coordena\u00e7\u00e3o e prote\u00e7\u00e3o da categoria econ\u00f4mica, incluindo sociedades coletivas e individuais.<\/p><p>Al\u00e9m de sua fun\u00e7\u00e3o primordial de representa\u00e7\u00e3o legal, o SINDADVS se compromete a promover o desenvolvimento e integra\u00e7\u00e3o dessas sociedades, fomentando um ambiente prop\u00edcio para o crescimento e a excel\u00eancia no exerc\u00edcio da advocacia. Sua presen\u00e7a estrat\u00e9gica na cidade de Bauru confirma o compromisso em servir como um elo s\u00f3lido entre as Sociedades de Advogados e as inst\u00e2ncias governamentais, assegurando que as vozes e necessidades da categoria sejam devidamente consideradas e atendidas.<\/p><p>Com uma vis\u00e3o voltada para a valoriza\u00e7\u00e3o e fortalecimento da advocacia na regi\u00e3o, o SINDADVS destaca-se como um agente ativo na promo\u00e7\u00e3o de condi\u00e7\u00f5es favor\u00e1veis para o exerc\u00edcio profissional, contribuindo assim para o desenvolvimento s\u00f3cio-econ\u00f4mico da comunidade jur\u00eddica local.<\/p>\t\t\t\t\t\t<\/div>\n\t\t\t\t<\/div>\n\t\t\t\t\t<\/div>\n\t\t\t\t<\/div>\n\t\t<div class=\"elementor-element elementor-element-5e843d6 e-flex e-con-boxed e-con e-parent\" data-id=\"5e843d6\" data-element_type=\"container\">\n\t\t\t\t\t<div class=\"e-con-inner\">\n\t\t\t\t<div class=\"elementor-element elementor-element-0108c51 elementor-widget elementor-widget-toggle\" data-id=\"0108c51\" data-element_type=\"widget\" data-widget_type=\"toggle.default\">\n\t\t\t\t<div class=\"elementor-widget-container\">\n\t\t\t\t\t<div class=\"elementor-toggle\">\n\t\t\t\t\t\t\t<div class=\"elementor-toggle-item\">\n\t\t\t\t\t<div id=\"elementor-tab-title-1081\" class=\"elementor-tab-title\" data-tab=\"1\" role=\"button\" aria-controls=\"elementor-tab-content-1081\" aria-expanded=\"false\">\n\t\t\t\t\t\t\t\t\t\t\t\t<span class=\"elementor-toggle-icon elementor-toggle-icon-left\" aria-hidden=\"true\">\n\t\t\t\t\t\t\t\t\t\t\t\t\t\t\t<span class=\"elementor-toggle-icon-closed\"><svg class=\"e-font-icon-svg e-fas-caret-right\" viewBox=\"0 0 192 512\" xmlns=\"http:\/\/www.w3.org\/2000\/svg\"><path d=\"M0 384.662V127.338c0-17.818 21.543-26.741 34.142-14.142l128.662 128.662c7.81 7.81 7.81 20.474 0 28.284L34.142 398.804C21.543 411.404 0 402.48 0 384.662z\"><\/path><\/svg><\/span>\n\t\t\t\t\t\t\t\t<span class=\"elementor-toggle-icon-opened\"><svg class=\"elementor-toggle-icon-opened e-font-icon-svg e-fas-caret-up\" viewBox=\"0 0 320 512\" xmlns=\"http:\/\/www.w3.org\/2000\/svg\"><path d=\"M288.662 352H31.338c-17.818 0-26.741-21.543-14.142-34.142l128.662-128.662c7.81-7.81 20.474-7.81 28.284 0l128.662 128.662c12.6 12.599 3.676 34.142-14.142 34.142z\"><\/path><\/svg><\/span>\n\t\t\t\t\t\t\t\t\t\t\t\t\t<\/span>\n\t\t\t\t\t\t\t\t\t\t\t\t<a class=\"elementor-toggle-title\" tabindex=\"0\">Circular CCT SEAAC 25\/27<\/a>\n\t\t\t\t\t<\/div>\n\n\t\t\t\t\t<div id=\"elementor-tab-content-1081\" class=\"elementor-tab-content elementor-clearfix\" data-tab=\"1\" role=\"region\" aria-labelledby=\"elementor-tab-title-1081\"><p><a href=\"http:\/\/sindadvs.org.br\/wp-content\/uploads\/2025\/11\/Circular-CCT-SEAAC-25_27.pdf\"><strong>BAIXAR AGORA<\/strong><\/a><\/p><\/div>\n\t\t\t\t<\/div>\n\t\t\t\t\t\t\t<div class=\"elementor-toggle-item\">\n\t\t\t\t\t<div id=\"elementor-tab-title-1082\" class=\"elementor-tab-title\" data-tab=\"2\" role=\"button\" aria-controls=\"elementor-tab-content-1082\" aria-expanded=\"false\">\n\t\t\t\t\t\t\t\t\t\t\t\t<span class=\"elementor-toggle-icon elementor-toggle-icon-left\" aria-hidden=\"true\">\n\t\t\t\t\t\t\t\t\t\t\t\t\t\t\t<span class=\"elementor-toggle-icon-closed\"><svg class=\"e-font-icon-svg e-fas-caret-right\" viewBox=\"0 0 192 512\" xmlns=\"http:\/\/www.w3.org\/2000\/svg\"><path d=\"M0 384.662V127.338c0-17.818 21.543-26.741 34.142-14.142l128.662 128.662c7.81 7.81 7.81 20.474 0 28.284L34.142 398.804C21.543 411.404 0 402.48 0 384.662z\"><\/path><\/svg><\/span>\n\t\t\t\t\t\t\t\t<span class=\"elementor-toggle-icon-opened\"><svg class=\"elementor-toggle-icon-opened e-font-icon-svg e-fas-caret-up\" viewBox=\"0 0 320 512\" xmlns=\"http:\/\/www.w3.org\/2000\/svg\"><path d=\"M288.662 352H31.338c-17.818 0-26.741-21.543-14.142-34.142l128.662-128.662c7.81-7.81 20.474-7.81 28.284 0l128.662 128.662c12.6 12.599 3.676 34.142-14.142 34.142z\"><\/path><\/svg><\/span>\n\t\t\t\t\t\t\t\t\t\t\t\t\t<\/span>\n\t\t\t\t\t\t\t\t\t\t\t\t<a class=\"elementor-toggle-title\" tabindex=\"0\">Circular CCT Sindicato dos Advogados 25\/27<\/a>\n\t\t\t\t\t<\/div>\n\n\t\t\t\t\t<div id=\"elementor-tab-content-1082\" class=\"elementor-tab-content elementor-clearfix\" data-tab=\"2\" role=\"region\" aria-labelledby=\"elementor-tab-title-1082\"><p><strong><a href=\"http:\/\/sindadvs.org.br\/wp-content\/uploads\/2025\/11\/Circular-CCT-Sindicato-dos-Advogados-25_27.pdf\">BAIXAR AGORA\u00a0<\/a><\/strong><\/p><\/div>\n\t\t\t\t<\/div>\n\t\t\t\t\t\t\t\t<\/div>\n\t\t\t\t<\/div>\n\t\t\t\t<\/div>\n\t\t\t\t\t<\/div>\n\t\t\t\t<\/div>\n\t\t<div class=\"elementor-element elementor-element-91bfd8e e-flex e-con-boxed e-con e-parent\" data-id=\"91bfd8e\" data-element_type=\"container\" data-settings=\"{&quot;background_background&quot;:&quot;classic&quot;}\">\n\t\t\t\t\t<div class=\"e-con-inner\">\n\t\t<div class=\"elementor-element elementor-element-91a16a7 e-con-full e-flex e-con e-child\" data-id=\"91a16a7\" data-element_type=\"container\">\n\t\t\t\t<div class=\"elementor-element elementor-element-4c1b893 elementor-widget elementor-widget-image\" data-id=\"4c1b893\" data-element_type=\"widget\" data-widget_type=\"image.default\">\n\t\t\t\t<div class=\"elementor-widget-container\">\n\t\t\t\t\t\t\t\t\t\t\t\t\t<img decoding=\"async\" width=\"750\" height=\"296\" src=\"https:\/\/sindadvs.org.br\/wp-content\/uploads\/2023\/12\/Site-SINDADVS-1.jpg\" class=\"attachment-large size-large wp-image-32\" alt=\"\" srcset=\"https:\/\/sindadvs.org.br\/wp-content\/uploads\/2023\/12\/Site-SINDADVS-1.jpg 760w, https:\/\/sindadvs.org.br\/wp-content\/uploads\/2023\/12\/Site-SINDADVS-1-300x118.jpg 300w\" sizes=\"(max-width: 750px) 100vw, 750px\" \/>\t\t\t\t\t\t\t\t\t\t\t\t\t<\/div>\n\t\t\t\t<\/div>\n\t\t\t\t<\/div>\n\t\t<div class=\"elementor-element elementor-element-5ccd7eb e-con-full e-flex e-con e-child\" data-id=\"5ccd7eb\" data-element_type=\"container\">\n\t\t\t\t<div class=\"elementor-element elementor-element-ebd9d19 elementor-widget elementor-widget-image\" data-id=\"ebd9d19\" data-element_type=\"widget\" data-widget_type=\"image.default\">\n\t\t\t\t<div class=\"elementor-widget-container\">\n\t\t\t\t\t\t\t\t\t\t\t\t\t\t<a href=\"https:\/\/api.whatsapp.com\/send?phone=551438792954\">\n\t\t\t\t\t\t\t<img loading=\"lazy\" decoding=\"async\" width=\"750\" height=\"296\" src=\"https:\/\/sindadvs.org.br\/wp-content\/uploads\/2023\/12\/Site-SINDADVS2.jpg\" class=\"attachment-large size-large wp-image-33\" alt=\"\" srcset=\"https:\/\/sindadvs.org.br\/wp-content\/uploads\/2023\/12\/Site-SINDADVS2.jpg 760w, https:\/\/sindadvs.org.br\/wp-content\/uploads\/2023\/12\/Site-SINDADVS2-300x118.jpg 300w\" sizes=\"(max-width: 750px) 100vw, 750px\" \/>\t\t\t\t\t\t\t\t<\/a>\n\t\t\t\t\t\t\t\t\t\t\t\t\t<\/div>\n\t\t\t\t<\/div>\n\t\t\t\t<\/div>\n\t\t\t\t\t<\/div>\n\t\t\t\t<\/div>\n\t\t<div class=\"elementor-element elementor-element-519ba17 e-flex e-con-boxed e-con e-parent\" data-id=\"519ba17\" data-element_type=\"container\" data-settings=\"{&quot;background_background&quot;:&quot;classic&quot;}\">\n\t\t\t\t\t<div class=\"e-con-inner\">\n\t\t\t\t<div class=\"elementor-element elementor-element-a0a11a6 elementor-hidden-tablet elementor-hidden-mobile elementor-widget elementor-widget-image\" data-id=\"a0a11a6\" data-element_type=\"widget\" data-widget_type=\"image.default\">\n\t\t\t\t<div class=\"elementor-widget-container\">\n\t\t\t\t\t\t\t\t\t\t\t\t\t<img loading=\"lazy\" decoding=\"async\" width=\"319\" height=\"137\" src=\"https:\/\/sindadvs.org.br\/wp-content\/uploads\/2023\/12\/SINDADVS_logo_branco.png\" class=\"attachment-large size-large wp-image-81\" alt=\"\" srcset=\"https:\/\/sindadvs.org.br\/wp-content\/uploads\/2023\/12\/SINDADVS_logo_branco.png 319w, https:\/\/sindadvs.org.br\/wp-content\/uploads\/2023\/12\/SINDADVS_logo_branco-300x129.png 300w\" sizes=\"(max-width: 319px) 100vw, 319px\" \/>\t\t\t\t\t\t\t\t\t\t\t\t\t<\/div>\n\t\t\t\t<\/div>\n\t\t\t\t<div class=\"elementor-element elementor-element-fc47fc7 elementor-hidden-desktop elementor-hidden-tablet elementor-widget elementor-widget-image\" data-id=\"fc47fc7\" data-element_type=\"widget\" data-widget_type=\"image.default\">\n\t\t\t\t<div class=\"elementor-widget-container\">\n\t\t\t\t\t\t\t\t\t\t\t\t\t<img loading=\"lazy\" decoding=\"async\" width=\"319\" height=\"137\" src=\"https:\/\/sindadvs.org.br\/wp-content\/uploads\/2023\/12\/SINDADVS_logo_branco.png\" class=\"attachment-large size-large wp-image-81\" alt=\"\" srcset=\"https:\/\/sindadvs.org.br\/wp-content\/uploads\/2023\/12\/SINDADVS_logo_branco.png 319w, https:\/\/sindadvs.org.br\/wp-content\/uploads\/2023\/12\/SINDADVS_logo_branco-300x129.png 300w\" sizes=\"(max-width: 319px) 100vw, 319px\" \/>\t\t\t\t\t\t\t\t\t\t\t\t\t<\/div>\n\t\t\t\t<\/div>\n\t\t\t\t<div class=\"elementor-element elementor-element-d75ad86 elementor-align-center elementor-icon-list--layout-traditional elementor-list-item-link-full_width elementor-widget elementor-widget-icon-list\" data-id=\"d75ad86\" data-element_type=\"widget\" data-widget_type=\"icon-list.default\">\n\t\t\t\t<div class=\"elementor-widget-container\">\n\t\t\t\t\t<ul class=\"elementor-icon-list-items\">\n\t\t\t\t\t\t\t<li class=\"elementor-icon-list-item\">\n\t\t\t\t\t\t\t\t\t\t\t<span class=\"elementor-icon-list-icon\">\n\t\t\t\t\t\t\t<svg aria-hidden=\"true\" class=\"e-font-icon-svg e-fas-phone\" viewBox=\"0 0 512 512\" xmlns=\"http:\/\/www.w3.org\/2000\/svg\"><path d=\"M493.4 24.6l-104-24c-11.3-2.6-22.9 3.3-27.5 13.9l-48 112c-4.2 9.8-1.4 21.3 6.9 28l60.6 49.6c-36 76.7-98.9 140.5-177.2 177.2l-49.6-60.6c-6.8-8.3-18.2-11.1-28-6.9l-112 48C3.9 366.5-2 378.1.6 389.4l24 104C27.1 504.2 36.7 512 48 512c256.1 0 464-207.5 464-464 0-11.2-7.7-20.9-18.6-23.4z\"><\/path><\/svg>\t\t\t\t\t\t<\/span>\n\t\t\t\t\t\t\t\t\t\t<span class=\"elementor-icon-list-text\">(14) 3879-2954  <\/span>\n\t\t\t\t\t\t\t\t\t<\/li>\n\t\t\t\t\t\t\t\t<li class=\"elementor-icon-list-item\">\n\t\t\t\t\t\t\t\t\t\t\t<span class=\"elementor-icon-list-icon\">\n\t\t\t\t\t\t\t<svg aria-hidden=\"true\" class=\"e-font-icon-svg e-fas-mail-bulk\" viewBox=\"0 0 576 512\" xmlns=\"http:\/\/www.w3.org\/2000\/svg\"><path d=\"M160 448c-25.6 0-51.2-22.4-64-32-64-44.8-83.2-60.8-96-70.4V480c0 17.67 14.33 32 32 32h256c17.67 0 32-14.33 32-32V345.6c-12.8 9.6-32 25.6-96 70.4-12.8 9.6-38.4 32-64 32zm128-192H32c-17.67 0-32 14.33-32 32v16c25.6 19.2 22.4 19.2 115.2 86.4 9.6 6.4 28.8 25.6 44.8 25.6s35.2-19.2 44.8-22.4c92.8-67.2 89.6-67.2 115.2-86.4V288c0-17.67-14.33-32-32-32zm256-96H224c-17.67 0-32 14.33-32 32v32h96c33.21 0 60.59 25.42 63.71 57.82l.29-.22V416h192c17.67 0 32-14.33 32-32V192c0-17.67-14.33-32-32-32zm-32 128h-64v-64h64v64zm-352-96c0-35.29 28.71-64 64-64h224V32c0-17.67-14.33-32-32-32H96C78.33 0 64 14.33 64 32v192h96v-32z\"><\/path><\/svg>\t\t\t\t\t\t<\/span>\n\t\t\t\t\t\t\t\t\t\t<span class=\"elementor-icon-list-text\">secretaria@sindadvs.org.br<\/span>\n\t\t\t\t\t\t\t\t\t<\/li>\n\t\t\t\t\t\t\t\t<li class=\"elementor-icon-list-item\">\n\t\t\t\t\t\t\t\t\t\t\t<span class=\"elementor-icon-list-icon\">\n\t\t\t\t\t\t\t<svg aria-hidden=\"true\" class=\"e-font-icon-svg e-fas-map-pin\" viewBox=\"0 0 288 512\" xmlns=\"http:\/\/www.w3.org\/2000\/svg\"><path d=\"M112 316.94v156.69l22.02 33.02c4.75 7.12 15.22 7.12 19.97 0L176 473.63V316.94c-10.39 1.92-21.06 3.06-32 3.06s-21.61-1.14-32-3.06zM144 0C64.47 0 0 64.47 0 144s64.47 144 144 144 144-64.47 144-144S223.53 0 144 0zm0 76c-37.5 0-68 30.5-68 68 0 6.62-5.38 12-12 12s-12-5.38-12-12c0-50.73 41.28-92 92-92 6.62 0 12 5.38 12 12s-5.38 12-12 12z\"><\/path><\/svg>\t\t\t\t\t\t<\/span>\n\t\t\t\t\t\t\t\t\t\t<span class=\"elementor-icon-list-text\">Rua Alberto Segalla, 1-75 sala 211, Ed. Mirante do Sol, Jardim Infante Dom Henrique - Cep 17012-634 - Bauru\/SP<\/span>\n\t\t\t\t\t\t\t\t\t<\/li>\n\t\t\t\t\t\t<\/ul>\n\t\t\t\t<\/div>\n\t\t\t\t<\/div>\n\t\t\t\t\t<\/div>\n\t\t\t\t<\/div>\n\t\t<div class=\"elementor-element elementor-element-6163ec8 e-flex e-con-boxed e-con e-parent\" data-id=\"6163ec8\" data-element_type=\"container\" data-settings=\"{&quot;background_background&quot;:&quot;classic&quot;}\">\n\t\t\t\t\t<div class=\"e-con-inner\">\n\t\t\t\t<div class=\"elementor-element elementor-element-13ecd31 elementor-widget elementor-widget-text-editor\" data-id=\"13ecd31\" data-element_type=\"widget\" data-widget_type=\"text-editor.default\">\n\t\t\t\t<div class=\"elementor-widget-container\">\n\t\t\t\t\t\t\t<p>\u00a9 2023 SINDADVS &#8211; Todos os direitos reservados.<\/p>\t\t\t\t\t\t<\/div>\n\t\t\t\t<\/div>\n\t\t\t\t\t<\/div>\n\t\t\t\t<\/div>\n\t\t<div class=\"elementor-element elementor-element-ed64ccd e-flex e-con-boxed e-con e-parent\" data-id=\"ed64ccd\" data-element_type=\"container\">\n\t\t\t\t\t<div class=\"e-con-inner\">\n\t\t\t\t\t<\/div>\n\t\t\t\t<\/div>\n\t\t\t\t<\/div>\n\t\t","protected":false},"excerpt":{"rendered":"<p>Juntos pela Justi\u00e7a,Fortalecendo a Advocacia! Juntos pela Justi\u00e7a,Fortalecendo a Advocacia! SINDADVS &#8211; Sindicato das Sociedades de Advogados de Bauru e Regi\u00e3o O Sindicato das Sociedades de Advogados de Bauru e Regi\u00e3o \u2013 SINDADVS \u00e9 uma entidade sindical de destaque, dedicada \u00e0 representa\u00e7\u00e3o e defesa dos interesses das Sociedades de Advogados [&hellip;]<\/p>\n","protected":false},"author":1,"featured_media":0,"parent":0,"menu_order":0,"comment_status":"closed","ping_status":"closed","template":"elementor_canvas","meta":{"_monsterinsights_skip_tracking":false,"_monsterinsights_sitenote_active":false,"_monsterinsights_sitenote_note":"","_monsterinsights_sitenote_category":0,"footnotes":""},"class_list":["post-7","page","type-page","status-publish","hentry"],"_links":{"self":[{"href":"https:\/\/sindadvs.org.br\/index.php?rest_route=\/wp\/v2\/pages\/7"}],"collection":[{"href":"https:\/\/sindadvs.org.br\/index.php?rest_route=\/wp\/v2\/pages"}],"about":[{"href":"https:\/\/sindadvs.org.br\/index.php?rest_route=\/wp\/v2\/types\/page"}],"author":[{"embeddable":true,"href":"https:\/\/sindadvs.org.br\/index.php?rest_route=\/wp\/v2\/users\/1"}],"replies":[{"embeddable":true,"href":"https:\/\/sindadvs.org.br\/index.php?rest_route=%2Fwp%2Fv2%2Fcomments&post=7"}],"version-history":[{"count":89,"href":"https:\/\/sindadvs.org.br\/index.php?rest_route=\/wp\/v2\/pages\/7\/revisions"}],"predecessor-version":[{"id":117,"href":"https:\/\/sindadvs.org.br\/index.php?rest_route=\/wp\/v2\/pages\/7\/revisions\/117"}],"wp:attachment":[{"href":"https:\/\/sindadvs.org.br\/index.php?rest_route=%2Fwp%2Fv2%2Fmedia&parent=7"}],"curies":[{"name":"wp","href":"https:\/\/api.w.org\/{rel}","templated":true}]}}